{"id":92,"date":"2019-11-27T20:54:40","date_gmt":"2019-11-27T20:54:40","guid":{"rendered":"http:\/\/wp.kernbalance.de\/?page_id=92"},"modified":"2019-12-10T15:08:13","modified_gmt":"2019-12-10T15:08:13","slug":"reiki-behandlung","status":"publish","type":"page","link":"https:\/\/kernbalance.de\/?page_id=92","title":{"rendered":"Reiki Behandlung"},"content":{"rendered":"\n<div class=\"wp-block-image\"><figure class=\"alignleft size-thumbnail\"><img loading=\"lazy\" decoding=\"async\" width=\"150\" height=\"150\" src=\"http:\/\/wp.kernbalance.de\/wp-content\/uploads\/2019\/11\/kern_36-150x150.jpg\" alt=\"\" class=\"wp-image-70\" srcset=\"https:\/\/kernbalance.de\/wp-content\/uploads\/2019\/11\/kern_36-150x150.jpg 150w, https:\/\/kernbalance.de\/wp-content\/uploads\/2019\/11\/kern_36-300x300.jpg 300w, https:\/\/kernbalance.de\/wp-content\/uploads\/2019\/11\/kern_36-768x768.jpg 768w, https:\/\/kernbalance.de\/wp-content\/uploads\/2019\/11\/kern_36-690x690.jpg 690w, https:\/\/kernbalance.de\/wp-content\/uploads\/2019\/11\/kern_36.jpg 1024w\" sizes=\"auto, (max-width: 150px) 100vw, 150px\" \/><\/figure><\/div>\n\n\n\n<p>Reiki ist eine Geistheilmethode, die in vielen L\u00e4ndern offiziell als Therapie anerkannt ist.<br>Die Chinesen nennen Sie \u203aChi\u2039, die Japaner \u203aKi\u2039, und im Sanskrit hei\u00dft die Lebensenergie, die den K\u00f6rper durchflie\u00dft und Gesund erh\u00e4lt \u203aPrana\u2039. Vom feinstofflichen K\u00f6rper wird sie aus der Luft, dem Sonnenlicht und der Erde aufgenommen, um \u00fcber die Energiezentren, die Chakras und die Energiekan\u00e4le, die Meridiane, im K\u00f6rper verteilt zu werden. Der Reiki-Gebende ist Kanal f\u00fcr die universelle Lebensenergie. <br> Auf der k\u00f6rperlichen Ebene wird Reiki wahrgenommen als W\u00e4rme, Entspannung, innere Ruhe. Schmerzen werden gelindert, der Schlaf wird besser, die Vitalkr\u00e4fte wachsen. Auf der seelischen Ebene dringt Sonne ins Gem\u00fct.  Auf der geistigen Ebene bringt Reiki mehr Klarheit in das Leben. Entscheidungen fallen leichter. Die Handlungsf\u00e4higkeit w\u00e4chst. Reiki ersetzt jedoch nicht den Gang zum Arzt oder Heilpraktiker.<br>Weitere Informationen k\u00f6nnen Sie meinem umfangreichen gedruckten Leistungskatalog entnehmen.<\/p>\n","protected":false},"excerpt":{"rendered":"<p>Reiki ist eine Geistheilmethode, die in vielen L\u00e4ndern offiziell als Therapie anerkannt ist.Die Chinesen nennen Sie \u203aChi\u2039, die Japaner \u203aKi\u2039, und im Sanskrit&hellip;<\/p>\n","protected":false},"author":1,"featured_media":84,"parent":0,"menu_order":0,"comment_status":"closed","ping_status":"closed","template":"page-templates\/full-width.php","meta":{"footnotes":""},"class_list":["post-92","page","type-page","status-publish","has-post-thumbnail","hentry"],"_links":{"self":[{"href":"https:\/\/kernbalance.de\/index.php?rest_route=\/wp\/v2\/pages\/92","targetHints":{"allow":["GET"]}}],"collection":[{"href":"https:\/\/kernbalance.de\/index.php?rest_route=\/wp\/v2\/pages"}],"about":[{"href":"https:\/\/kernbalance.de\/index.php?rest_route=\/wp\/v2\/types\/page"}],"author":[{"embeddable":true,"href":"https:\/\/kernbalance.de\/index.php?rest_route=\/wp\/v2\/users\/1"}],"replies":[{"embeddable":true,"href":"https:\/\/kernbalance.de\/index.php?rest_route=%2Fwp%2Fv2%2Fcomments&post=92"}],"version-history":[{"count":3,"href":"https:\/\/kernbalance.de\/index.php?rest_route=\/wp\/v2\/pages\/92\/revisions"}],"predecessor-version":[{"id":157,"href":"https:\/\/kernbalance.de\/index.php?rest_route=\/wp\/v2\/pages\/92\/revisions\/157"}],"wp:featuredmedia":[{"embeddable":true,"href":"https:\/\/kernbalance.de\/index.php?rest_route=\/wp\/v2\/media\/84"}],"wp:attachment":[{"href":"https:\/\/kernbalance.de\/index.php?rest_route=%2Fwp%2Fv2%2Fmedia&parent=92"}],"curies":[{"name":"wp","href":"https:\/\/api.w.org\/{rel}","templated":true}]}}