{"id":43,"date":"2019-11-27T20:45:35","date_gmt":"2019-11-27T20:45:35","guid":{"rendered":"http:\/\/wp.kernbalance.de\/?page_id=43"},"modified":"2019-12-03T22:46:43","modified_gmt":"2019-12-03T22:46:43","slug":"reiki-behandlungen","status":"publish","type":"page","link":"https:\/\/kernbalance.de\/?page_id=43","title":{"rendered":"Reiki 1. Grad"},"content":{"rendered":"\n<div class=\"wp-block-image\"><figure class=\"alignleft size-thumbnail is-resized\"><img loading=\"lazy\" decoding=\"async\" src=\"http:\/\/wp.kernbalance.de\/wp-content\/uploads\/2019\/11\/kern_36-150x150.jpg\" alt=\"\" class=\"wp-image-70\" width=\"150\" height=\"175\"\/><\/figure><\/div>\n\n\n\n<p>Reiki 1. Grad <br>Eintagesseminar f\u00fcr 4\u20136 Personen inklusive Skript, <br>Verpflegung und einen pers\u00f6nlichen Reiki-Stein<\/p>\n\n\n\n<p>Seminarinhalt:<br>erste Einweihung<br>die Geschichte von Reiki <br>Was ist Reiki \u2014 und was nicht?<br>Heilsteine und ihre Wirkung <br>\u00dcben von Handreiki <br>Chakren\u2013Grundlage<br>Chakren\u2013Ausgleich durch Reiki<br><br>Diese Ausbildung f\u00f6rdert die nat\u00fcrliche Selbstheilung, vitalisiert und harmonisiert K\u00f6rper, Geist und Seele\u2013gleicht Ihren Energiehaushalt aus und l\u00f6st Blockaden.<br><br>W\u00fcnschen Sie weitergehende Informationen zu den einzelnen Behandlungen? Dann rufen Sie mich bitte an oder bestellen per E-Mail meine umfangreichen Leistungskatalog.<\/p>\n","protected":false},"excerpt":{"rendered":"<p>Reiki 1. Grad Eintagesseminar f\u00fcr 4\u20136 Personen inklusive Skript, Verpflegung und einen pers\u00f6nlichen Reiki-Stein Seminarinhalt:erste Einweihungdie Geschichte von Reiki Was ist Reiki \u2014&hellip;<\/p>\n","protected":false},"author":1,"featured_media":70,"parent":40,"menu_order":0,"comment_status":"closed","ping_status":"closed","template":"page-templates\/full-width-no-img.php","meta":{"footnotes":""},"class_list":["post-43","page","type-page","status-publish","has-post-thumbnail","hentry"],"_links":{"self":[{"href":"https:\/\/kernbalance.de\/index.php?rest_route=\/wp\/v2\/pages\/43","targetHints":{"allow":["GET"]}}],"collection":[{"href":"https:\/\/kernbalance.de\/index.php?rest_route=\/wp\/v2\/pages"}],"about":[{"href":"https:\/\/kernbalance.de\/index.php?rest_route=\/wp\/v2\/types\/page"}],"author":[{"embeddable":true,"href":"https:\/\/kernbalance.de\/index.php?rest_route=\/wp\/v2\/users\/1"}],"replies":[{"embeddable":true,"href":"https:\/\/kernbalance.de\/index.php?rest_route=%2Fwp%2Fv2%2Fcomments&post=43"}],"version-history":[{"count":7,"href":"https:\/\/kernbalance.de\/index.php?rest_route=\/wp\/v2\/pages\/43\/revisions"}],"predecessor-version":[{"id":100,"href":"https:\/\/kernbalance.de\/index.php?rest_route=\/wp\/v2\/pages\/43\/revisions\/100"}],"up":[{"embeddable":true,"href":"https:\/\/kernbalance.de\/index.php?rest_route=\/wp\/v2\/pages\/40"}],"wp:featuredmedia":[{"embeddable":true,"href":"https:\/\/kernbalance.de\/index.php?rest_route=\/wp\/v2\/media\/70"}],"wp:attachment":[{"href":"https:\/\/kernbalance.de\/index.php?rest_route=%2Fwp%2Fv2%2Fmedia&parent=43"}],"curies":[{"name":"wp","href":"https:\/\/api.w.org\/{rel}","templated":true}]}}