{"id":143,"date":"2019-12-04T00:00:52","date_gmt":"2019-12-04T00:00:52","guid":{"rendered":"http:\/\/wp.kernbalance.de\/?page_id=143"},"modified":"2019-12-10T14:56:56","modified_gmt":"2019-12-10T14:56:56","slug":"kunstobjekte","status":"publish","type":"page","link":"https:\/\/kernbalance.de\/?page_id=143","title":{"rendered":"Kunstobjekte"},"content":{"rendered":"\n<p>Space Clearing und Feng Shui Handlungen k\u00f6nnen in besonderem Ma\u00dfe durch individuell f\u00fcr Sie geschaffene Kunstobjekte unterst\u00fctzt werden. Mit besonderen Augenmerk auf Ihre Bed\u00fcrfnisse werden wir mit Unterst\u00fctzung eines K\u00fcnstlers ein Objekt schaffen, welches die Raumsituation in der von Ihnen gew\u00fcnschte Weise positiv beeinflusst.<br>Der K\u00fcnstler und ich erstellen auf der Grundlage Ihrer pers\u00f6nlichen Space Clearing An\u00adforderungen einen individuellen Entwurf, welchen er dann in Form einer Skultur, Plastik, Grafik oder Malerei realisiert.<br>Insofern sind dieses Kunstobjekte nicht ausschlie\u00dflich dekoratives Element, sondern Tr\u00e4ger von positiven Energien, welche die Space Clearing-Ma\u00dfnahme unterst\u00fctzen. Da die Unikate auf Ihren pers\u00f6nlichen Lebensgeschichten und -umst\u00e4nde basieren, werden sie nur auf Anfrage angefertigt.<br> <br>Diese Objekte k\u00f6nnen versch\u00f6nern, erfreuen und in schwierigen Lebens\u00adsituationen Beistand leisten.<\/p>\n","protected":false},"excerpt":{"rendered":"<p>Space Clearing und Feng Shui Handlungen k\u00f6nnen in besonderem Ma\u00dfe durch individuell f\u00fcr Sie geschaffene Kunstobjekte unterst\u00fctzt werden. Mit besonderen Augenmerk auf Ihre&hellip;<\/p>\n","protected":false},"author":1,"featured_media":153,"parent":0,"menu_order":0,"comment_status":"closed","ping_status":"closed","template":"page-templates\/full-width.php","meta":{"footnotes":""},"class_list":["post-143","page","type-page","status-publish","has-post-thumbnail","hentry"],"_links":{"self":[{"href":"https:\/\/kernbalance.de\/index.php?rest_route=\/wp\/v2\/pages\/143","targetHints":{"allow":["GET"]}}],"collection":[{"href":"https:\/\/kernbalance.de\/index.php?rest_route=\/wp\/v2\/pages"}],"about":[{"href":"https:\/\/kernbalance.de\/index.php?rest_route=\/wp\/v2\/types\/page"}],"author":[{"embeddable":true,"href":"https:\/\/kernbalance.de\/index.php?rest_route=\/wp\/v2\/users\/1"}],"replies":[{"embeddable":true,"href":"https:\/\/kernbalance.de\/index.php?rest_route=%2Fwp%2Fv2%2Fcomments&post=143"}],"version-history":[{"count":1,"href":"https:\/\/kernbalance.de\/index.php?rest_route=\/wp\/v2\/pages\/143\/revisions"}],"predecessor-version":[{"id":144,"href":"https:\/\/kernbalance.de\/index.php?rest_route=\/wp\/v2\/pages\/143\/revisions\/144"}],"wp:featuredmedia":[{"embeddable":true,"href":"https:\/\/kernbalance.de\/index.php?rest_route=\/wp\/v2\/media\/153"}],"wp:attachment":[{"href":"https:\/\/kernbalance.de\/index.php?rest_route=%2Fwp%2Fv2%2Fmedia&parent=143"}],"curies":[{"name":"wp","href":"https:\/\/api.w.org\/{rel}","templated":true}]}}