{"id":116,"date":"2019-12-03T23:30:39","date_gmt":"2019-12-03T23:30:39","guid":{"rendered":"http:\/\/wp.kernbalance.de\/?page_id=116"},"modified":"2019-12-10T11:14:49","modified_gmt":"2019-12-10T11:14:49","slug":"space-clearing","status":"publish","type":"page","link":"https:\/\/kernbalance.de\/?page_id=116","title":{"rendered":"Space-Clearing"},"content":{"rendered":"\n<p>Alles im Universum besteht aus sich st\u00e4ndig ver\u00e4ndernden Energien. Dies schlie\u00dft unser Zuhause und alles, was darin ist, mit ein. Indem man diese Energien erkennt, reinigt und anhebt, transformiert man seinen Lebensraum in einen Raum des Friedens, der Liebe und der Harmonie. Und ein solcherma\u00dfen \u00bbgesegneter Ort\u00ab strahlt diese positiven Energien auch zur Unterst\u00fctzung anderer aus.<br>Z.B. beim Kauf eines Hauses, als Hilfe bei beruflichen Problemen, bei gesundheitlichen Problemen, nach schwerwiegenden Ereignissen, um Feng Shui Ma\u00dfnahmen zu verbessern etc. Professional Essential Space Clearing\u2122 ist eine Praxis, die tiefgreifende Methoden bietet, damit wir den heilenden Rhythmus der Natur in unser Zuhause einladen. Sie enth\u00fcllt die spirituellen M\u00f6glichkeiten, die in unserer Umgebung schlummern, vertreibt stagnierende Energien und sorgt daf\u00fcr, dass Geist und Seele in die gereinigten R\u00e4ume einziehen.<br><br>Schaffen Sie ihr pers\u00f6nliches Energiefeld, mit dem Sie in Dialog treten.<br>Bei einem unverbindlichen Vorgespr\u00e4ch k\u00f6nnen wir gemeinsam die M\u00f6glichkeiten er\u00f6rtern. Bei dieser Energiearbeit ist es wichtig zu kl\u00e4ren, welche Qualit\u00e4ten in den R\u00e4umen verankert werden sollen. W\u00fcnsche und Absichten sollten schon vorher schriftlich fixiert werden und m\u00f6glichst klar und pr\u00e4zise sein. Dies ist eine wesentliche Erweiterung gegen\u00fcber der ausschlie\u00dflichen Raumreinigung. Mit Hilfe der Kinesiologie lassen sich Unregelm\u00e4\u00dfigkeiten des Energieflusses Ihres K\u00f6rpers als \u00c4nderung der Muskelspannung bemerkbar machen. Barrieren k\u00f6nnen erkannt und aus dem Weg ger\u00e4umt werden. So kann Ihnen zu einem ausgeglichenen Leben verholfen werden.<br><br>W\u00fcnschen Sie weitergehende Informationen zu Professional Essential Space Clearing? Dann rufen Sie mich bitte an oder bestellen per E-Mail meinen umfangreichen Leistungskatalog.<\/p>\n","protected":false},"excerpt":{"rendered":"<p>Alles im Universum besteht aus sich st\u00e4ndig ver\u00e4ndernden Energien. Dies schlie\u00dft unser Zuhause und alles, was darin ist, mit ein. Indem man diese&hellip;<\/p>\n","protected":false},"author":1,"featured_media":147,"parent":0,"menu_order":0,"comment_status":"closed","ping_status":"closed","template":"page-templates\/full-width.php","meta":{"footnotes":""},"class_list":["post-116","page","type-page","status-publish","has-post-thumbnail","hentry"],"_links":{"self":[{"href":"https:\/\/kernbalance.de\/index.php?rest_route=\/wp\/v2\/pages\/116","targetHints":{"allow":["GET"]}}],"collection":[{"href":"https:\/\/kernbalance.de\/index.php?rest_route=\/wp\/v2\/pages"}],"about":[{"href":"https:\/\/kernbalance.de\/index.php?rest_route=\/wp\/v2\/types\/page"}],"author":[{"embeddable":true,"href":"https:\/\/kernbalance.de\/index.php?rest_route=\/wp\/v2\/users\/1"}],"replies":[{"embeddable":true,"href":"https:\/\/kernbalance.de\/index.php?rest_route=%2Fwp%2Fv2%2Fcomments&post=116"}],"version-history":[{"count":3,"href":"https:\/\/kernbalance.de\/index.php?rest_route=\/wp\/v2\/pages\/116\/revisions"}],"predecessor-version":[{"id":142,"href":"https:\/\/kernbalance.de\/index.php?rest_route=\/wp\/v2\/pages\/116\/revisions\/142"}],"wp:featuredmedia":[{"embeddable":true,"href":"https:\/\/kernbalance.de\/index.php?rest_route=\/wp\/v2\/media\/147"}],"wp:attachment":[{"href":"https:\/\/kernbalance.de\/index.php?rest_route=%2Fwp%2Fv2%2Fmedia&parent=116"}],"curies":[{"name":"wp","href":"https:\/\/api.w.org\/{rel}","templated":true}]}}