{"id":113,"date":"2019-12-03T23:20:24","date_gmt":"2019-12-03T23:20:24","guid":{"rendered":"http:\/\/wp.kernbalance.de\/?page_id=113"},"modified":"2019-12-03T23:26:01","modified_gmt":"2019-12-03T23:26:01","slug":"reiki-lehrer","status":"publish","type":"page","link":"https:\/\/kernbalance.de\/?page_id=113","title":{"rendered":"Reiki Lehrer"},"content":{"rendered":"\n<div class=\"wp-block-image\"><figure class=\"alignleft size-thumbnail\"><img loading=\"lazy\" decoding=\"async\" width=\"150\" height=\"150\" src=\"http:\/\/wp.kernbalance.de\/wp-content\/uploads\/2019\/11\/kern_33-150x150.jpg\" alt=\"\" class=\"wp-image-67\" srcset=\"https:\/\/kernbalance.de\/wp-content\/uploads\/2019\/11\/kern_33-150x150.jpg 150w, https:\/\/kernbalance.de\/wp-content\/uploads\/2019\/11\/kern_33-300x300.jpg 300w, https:\/\/kernbalance.de\/wp-content\/uploads\/2019\/11\/kern_33-768x768.jpg 768w, https:\/\/kernbalance.de\/wp-content\/uploads\/2019\/11\/kern_33-690x690.jpg 690w, https:\/\/kernbalance.de\/wp-content\/uploads\/2019\/11\/kern_33.jpg 1024w\" sizes=\"auto, (max-width: 150px) 100vw, 150px\" \/><\/figure><\/div>\n\n\n\n<p>Reiki Lehrer <br>Zweitagesseminar f\u00fcr 1 Personen inklusive Skript, <br>Verpflegung und einen pers\u00f6nlichen Reiki-Stein<\/p>\n\n\n\n<p>Seminarinhalt:<br>Erlernen der Einweihungszeremonien<br>das Lehren von Reiki<br>Seminarorganisation<br><br>W\u00fcnschen Sie weitergehende Informationen zu den einzelnen Behandlungen? Dann rufen Sie mich bitte an oder bestellen per E-Mail meine umfangreichen Leistungskatalog.<\/p>\n","protected":false},"excerpt":{"rendered":"<p>Reiki Lehrer Zweitagesseminar f\u00fcr 1 Personen inklusive Skript, Verpflegung und einen pers\u00f6nlichen Reiki-Stein Seminarinhalt:Erlernen der Einweihungszeremoniendas Lehren von ReikiSeminarorganisation W\u00fcnschen Sie weitergehende Informationen&hellip;<\/p>\n","protected":false},"author":1,"featured_media":67,"parent":40,"menu_order":0,"comment_status":"closed","ping_status":"closed","template":"page-templates\/full-width-no-img.php","meta":{"footnotes":""},"class_list":["post-113","page","type-page","status-publish","has-post-thumbnail","hentry"],"_links":{"self":[{"href":"https:\/\/kernbalance.de\/index.php?rest_route=\/wp\/v2\/pages\/113","targetHints":{"allow":["GET"]}}],"collection":[{"href":"https:\/\/kernbalance.de\/index.php?rest_route=\/wp\/v2\/pages"}],"about":[{"href":"https:\/\/kernbalance.de\/index.php?rest_route=\/wp\/v2\/types\/page"}],"author":[{"embeddable":true,"href":"https:\/\/kernbalance.de\/index.php?rest_route=\/wp\/v2\/users\/1"}],"replies":[{"embeddable":true,"href":"https:\/\/kernbalance.de\/index.php?rest_route=%2Fwp%2Fv2%2Fcomments&post=113"}],"version-history":[{"count":2,"href":"https:\/\/kernbalance.de\/index.php?rest_route=\/wp\/v2\/pages\/113\/revisions"}],"predecessor-version":[{"id":115,"href":"https:\/\/kernbalance.de\/index.php?rest_route=\/wp\/v2\/pages\/113\/revisions\/115"}],"up":[{"embeddable":true,"href":"https:\/\/kernbalance.de\/index.php?rest_route=\/wp\/v2\/pages\/40"}],"wp:featuredmedia":[{"embeddable":true,"href":"https:\/\/kernbalance.de\/index.php?rest_route=\/wp\/v2\/media\/67"}],"wp:attachment":[{"href":"https:\/\/kernbalance.de\/index.php?rest_route=%2Fwp%2Fv2%2Fmedia&parent=113"}],"curies":[{"name":"wp","href":"https:\/\/api.w.org\/{rel}","templated":true}]}}