{"id":102,"date":"2019-12-03T22:56:46","date_gmt":"2019-12-03T22:56:46","guid":{"rendered":"http:\/\/wp.kernbalance.de\/?page_id=102"},"modified":"2019-12-03T23:10:54","modified_gmt":"2019-12-03T23:10:54","slug":"reiki-grad-2","status":"publish","type":"page","link":"https:\/\/kernbalance.de\/?page_id=102","title":{"rendered":"Reiki Grad 2 und 2a"},"content":{"rendered":"\n<div class=\"wp-block-image\"><figure class=\"alignleft size-thumbnail\"><img loading=\"lazy\" decoding=\"async\" width=\"150\" height=\"150\" src=\"http:\/\/wp.kernbalance.de\/wp-content\/uploads\/2019\/11\/kern_32-150x150.jpg\" alt=\"\" class=\"wp-image-66\" srcset=\"https:\/\/kernbalance.de\/wp-content\/uploads\/2019\/11\/kern_32-150x150.jpg 150w, https:\/\/kernbalance.de\/wp-content\/uploads\/2019\/11\/kern_32-300x300.jpg 300w, https:\/\/kernbalance.de\/wp-content\/uploads\/2019\/11\/kern_32-768x768.jpg 768w, https:\/\/kernbalance.de\/wp-content\/uploads\/2019\/11\/kern_32-690x690.jpg 690w, https:\/\/kernbalance.de\/wp-content\/uploads\/2019\/11\/kern_32.jpg 1024w\" sizes=\"auto, (max-width: 150px) 100vw, 150px\" \/><\/figure><\/div>\n\n\n\n<p>Reiki 2. Grad <br>Eintagesseminar f\u00fcr 4\u20136 Personen inklusive Skript, <br>Verpflegung und einen pers\u00f6nlichen Reiki-Stein<\/p>\n\n\n\n<p>Seminarinhalt:<br>zweite Einweihung<br>3 Reiki-Zeichen\/Anwendung<br>Erlernen des gesch\u00fctzten Pendelns <br>Fern-Reiki<br>Anlegen eines Reiki-Depots<br>Erarbeiten von positiven S\u00e4tzen <br>Verankern dieser S\u00e4tze<br><br>Diese Ausbildung unterst\u00fctzt Therapeuten (und Nicht\u2013Therapeuten) in Ihrer t\u00e4glichen Arbeit mit Menschen und zeigt auf, wie die 3 Zeichen wirken, wie positive Energie verst\u00e4rkt und gesch\u00fctzt werden kann. <br><br><br>Reiki 2a. Grad <br>Halbtagesseminar f\u00fcr 4\u20136 Personen inklusive Skript, <br>Verpflegung und einen pers\u00f6nlichen Reiki-Stein<\/p>\n\n\n\n<p>Seminarinhalt:<br>dritte Einweihung<br>Aktivierung\/\u00d6ffnung des Dritten Auges, dadurch Zugang zu Past-Lifes<br>Multidimensionales Heilen erlernen<br>De Hypno \u2014 Blockaden l\u00f6sen ohne Hypnose<\/p>\n\n\n\n<p>Dieser Kurs ist nicht zwingende Voraussetzung f\u00fcr den Meisterkurs jedoch f\u00fcr die Lehrerausbildung. Durch die Aktivierung und \u00d6ffnung des Dritten Auges wird die Intuition, das innere Sehen und Wissen verst\u00e4rkt. <br><br>W\u00fcnschen Sie weitergehende Informationen zu den einzelnen Behandlungen? Dann rufen Sie mich bitte an oder bestellen per E-Mail meine umfangreichen Leistungskatalog.<\/p>\n","protected":false},"excerpt":{"rendered":"<p>Reiki 2. Grad Eintagesseminar f\u00fcr 4\u20136 Personen inklusive Skript, Verpflegung und einen pers\u00f6nlichen Reiki-Stein Seminarinhalt:zweite Einweihung3 Reiki-Zeichen\/AnwendungErlernen des gesch\u00fctzten Pendelns Fern-ReikiAnlegen eines Reiki-DepotsErarbeiten&hellip;<\/p>\n","protected":false},"author":1,"featured_media":66,"parent":40,"menu_order":0,"comment_status":"closed","ping_status":"closed","template":"page-templates\/full-width-no-img.php","meta":{"footnotes":""},"class_list":["post-102","page","type-page","status-publish","has-post-thumbnail","hentry"],"_links":{"self":[{"href":"https:\/\/kernbalance.de\/index.php?rest_route=\/wp\/v2\/pages\/102","targetHints":{"allow":["GET"]}}],"collection":[{"href":"https:\/\/kernbalance.de\/index.php?rest_route=\/wp\/v2\/pages"}],"about":[{"href":"https:\/\/kernbalance.de\/index.php?rest_route=\/wp\/v2\/types\/page"}],"author":[{"embeddable":true,"href":"https:\/\/kernbalance.de\/index.php?rest_route=\/wp\/v2\/users\/1"}],"replies":[{"embeddable":true,"href":"https:\/\/kernbalance.de\/index.php?rest_route=%2Fwp%2Fv2%2Fcomments&post=102"}],"version-history":[{"count":5,"href":"https:\/\/kernbalance.de\/index.php?rest_route=\/wp\/v2\/pages\/102\/revisions"}],"predecessor-version":[{"id":108,"href":"https:\/\/kernbalance.de\/index.php?rest_route=\/wp\/v2\/pages\/102\/revisions\/108"}],"up":[{"embeddable":true,"href":"https:\/\/kernbalance.de\/index.php?rest_route=\/wp\/v2\/pages\/40"}],"wp:featuredmedia":[{"embeddable":true,"href":"https:\/\/kernbalance.de\/index.php?rest_route=\/wp\/v2\/media\/66"}],"wp:attachment":[{"href":"https:\/\/kernbalance.de\/index.php?rest_route=%2Fwp%2Fv2%2Fmedia&parent=102"}],"curies":[{"name":"wp","href":"https:\/\/api.w.org\/{rel}","templated":true}]}}